{"id":99,"date":"2018-05-24T15:36:08","date_gmt":"2018-05-24T15:36:08","guid":{"rendered":"http:\/\/as-law.ch\/?page_id=99"},"modified":"2018-05-25T19:13:26","modified_gmt":"2018-05-25T19:13:26","slug":"datenschutzerklaerung","status":"publish","type":"page","link":"https:\/\/as-law.ch\/index.php\/datenschutzerklaerung\/","title":{"rendered":"Datenschutzerkl\u00e4rung"},"content":{"rendered":"<p>Die Website des Anwaltsb\u00fcros lic. iur. Andreas Schmid\u00a0unterliegt schweizerischem\u00a0Datenschutzrecht, insbesondere gem\u00e4ss dem\u00a0<a href=\"https:\/\/www.admin.ch\/opc\/de\/classified-compilation\/19920153\/index.html\" target=\"_blank\" rel=\"noopener\">Bundesgesetz \u00fcber den Datenschutz<\/a>\u00a0(DSG) sowie allenfalls anwendbarem ausl\u00e4ndischem Datenschutzrecht wie beispielsweise der\u00a0<a href=\"https:\/\/www.edoeb.admin.ch\/edoeb\/de\/home\/dokumentation\/rechtliche-grundlagen\/Datenschutz%20-%20International\/DSGVO.html\" target=\"_blank\" rel=\"noopener\">Datenschutz-Grundverordnung<\/a>\u00a0(DSGVO) der Europ\u00e4ischen Union (EU). Die EU\u00a0<a href=\"https:\/\/ec.europa.eu\/info\/law\/law-topic\/data-protection\/data-transfers-outside-eu\/adequacy-protection-personal-data-non-eu-countries_de\">anerkennt<\/a>, dass das schweizerische Datenschutzrecht einen angemessenen Datenschutz gew\u00e4hrleistet.<\/p>\n<p>Ich kann meine Datenschutzerkl\u00e4rung jederzeit durch Ver\u00f6ffentlichung auf dieser Website anpassen.<\/p>\n<p>Der Zugriff auf meine Website erfolgt mittels\u00a0Transportverschl\u00fcsselung\u00a0(SSL\u00a0\/ TLS).<\/p>\n<p>Der Zugriff auf meine Website unterliegt \u2013 wie jede Internet-Nutzung \u2013 der allgemeinen, anlasslosen, unterschiedslosen und verdachtsunabh\u00e4ngigen\u00a0Massen\u00fcberwachung\u00a0durch Sicherheitsbeh\u00f6rden in der Schweiz, in der EU, in den USA und in anderen Staaten. Ich habe keinen direkten Einfluss auf die entsprechende Bearbeitung von Personendaten durch Geheimdienste, Polizeistellen und sonstige Sicherheitsbeh\u00f6rden.<\/p>\n<p>Ich verwende Google Analytics, einen Webanalysedienst der Google Inc. (&#8222;Google&#8220;) zur\u00a0statistischen Auswertung\u00a0der Nutzung meiner Website\u00a0<em>ohne<\/em>\u00a0Personenbezug.<\/p>\n<p>&nbsp;<\/p>\n<h6><strong>Bearbeitung von Personendaten<\/strong><\/h6>\n<p><strong>Personendaten<\/strong>\u00a0sind alle Angaben, die sich auf eine bestimmte oder bestimmbare Person beziehen. Eine betroffene Person ist eine Person, \u00fcber die Personendaten bearbeitet werden.\u00a0Bearbeiten\u00a0umfasst\u00a0<em>jeden<\/em>\u00a0Umgang mit Personendaten, unabh\u00e4ngig von den angewandten Mitteln und Verfahren, insbesondere das Aufbewahren, Bekanntgaben, Beschaffen, L\u00f6schen, Speichern, Ver\u00e4ndern, Vernichten und Verwenden von Personendaten.<\/p>\n<p>Ich bearbeite Personendaten im Einklang mit dem schweizerischen Datenschutzrecht. Im \u00dcbrigen bearbeite ich \u2013 soweit und sofern die DSGVO anwendbar ist \u2013 Personendaten gem\u00e4ss folgenden Rechtsgrundlagen:<br \/>\n\n<table id=\"tablepress-8\" class=\"tablepress tablepress-id-8\">\n<tbody>\n<tr class=\"row-1\">\n\t<td class=\"column-1\">-<\/td><td class=\"column-2\">Art. 6 Abs. 1 lit. a DSGVO f\u00fcr die Bearbeitung von Personendaten mit Einwilligung der betroffenen Person.<\/td>\n<\/tr>\n<tr class=\"row-2\">\n\t<td class=\"column-1\">-<\/td><td class=\"column-2\">Art. 6 Abs. 1 lit. b DSGVO f\u00fcr die erforderliche Bearbeitung von Personendaten zur Erf\u00fcllung eines Vertrages mit der betroffenen Person sowie zur Durchf\u00fchrung entsprechender vorvertraglicher Massnahmen.<\/td>\n<\/tr>\n<tr class=\"row-3\">\n\t<td class=\"column-1\">-<\/td><td class=\"column-2\">Art. 6 Abs. 1 lit. c DSGVO f\u00fcr die erforderliche Bearbeitung von Personendaten zur Erf\u00fcllung einer rechtlichen Verpflichtung, der ich gem\u00e4ss allenfalls anwendbarem Recht der EU oder gem\u00e4ss allenfalls anwendbarem Recht eines Landes, in dem die DSGVO ganz oder teilweise anwendbar ist, unterliege.<\/td>\n<\/tr>\n<tr class=\"row-4\">\n\t<td class=\"column-1\">-<\/td><td class=\"column-2\">Art. 6 Abs. 1 lit. d DSGVO f\u00fcr die erforderliche Bearbeitung von Personendaten um lebenswichtige Interessen der betroffenen Person oder einer anderen nat\u00fcrlichen Person zu sch\u00fctzen.<\/td>\n<\/tr>\n<tr class=\"row-5\">\n\t<td class=\"column-1\">-<\/td><td class=\"column-2\">Art. 6 Abs. 1 lit. f DSGVO f\u00fcr die erforderliche Bearbeitung von Personendaten um die berechtigten Interessen von mir oder von Dritten zu wahren, sofern nicht die Grundfreiheiten und Grundrechte sowie Interessen der betroffenen Person \u00fcberwiegen. Berechtigte Interessen sind insbesondere mein betriebswirtschaftliches Interesse, meine Website bereitstellen zu k\u00f6nnen, die Informationssicherheit, die Durchsetzung von eigenen rechtlichen Anspr\u00fcchen und die Einhaltung von schweizerischem Recht.<\/td>\n<\/tr>\n<\/tbody>\n<\/table>\n<br \/>\nIch bearbeite Personendaten f\u00fcr jene\u00a0Dauer, die f\u00fcr den jeweiligen Zweck oder die jeweiligen Zwecke erforderlich ist. Bei l\u00e4nger dauernden Aufbewahrungspflichten aufgrund von gesetzlichen und sonstigen Pflichten, denen ich unterliege, schr\u00e4nke ich die Bearbeitung entsprechend ein.<\/p>\n<p>&nbsp;<\/p>\n<h6><strong>Kontaktformulare<\/strong><\/h6>\n<p>Auf meiner Website k\u00f6nnen allenfalls\u00a0Kontaktformulare\u00a0ausgef\u00fcllt werden. Ich speichere jene Angaben, welche Besucherinnen und Besucher meiner Website selbst erfassen. Ausserdem kann ich die IP-Adresse sowie Zeit und Datum zur Bek\u00e4mpfung von Missbrauch wie insbesondere Identit\u00e4tsdiebstahl und Spam speichern.<\/p>\n<p>&nbsp;<\/p>\n<h6><strong>Dienste von Dritten<\/strong><\/h6>\n<p>Ich verwende\u00a0<a href=\"https:\/\/www.google.ch\/maps\" target=\"_blank\" rel=\"noopener\">Google Maps<\/a>\u00a0f\u00fcr das Einbetten von Karten, Dieser Dienst der amerikanischen Google LLC verwendet unter anderem Cookies und es werden Daten an Google in den USA \u00fcbertragen, wobei ich davon ausgehe, dass in diesem Rahmen kein personenbezogenes Tracking allein durch die Nutzung meiner Website stattfindet. Google hat sich verpflichtet, einen angemessenen Datenschutz gem\u00e4ss dem amerikanisch-europ\u00e4ischen und dem amerikanisch-schweizerischen\u00a0<a href=\"https:\/\/www.privacyshield.gov\/participant?id=a2zt000000001L5AAI\" target=\"_blank\" rel=\"noopener\">Privacy Shield<\/a>\u00a0zu gew\u00e4hrleisten. Weitere Informationen finden sich in der\u00a0<a href=\"https:\/\/www.google.com\/intl\/de\/policies\/privacy\/\" target=\"_blank\" rel=\"noopener\">Datenschutzerkl\u00e4rung<\/a>\u00a0von Google.<\/p>\n<p>Ich hoste meine Website bei der\u00a0Hosttech GmbH, Seestrasse 15A, 8805 Richterswil in der Schweiz. Bei der\u00a0Hosttech GmbH werden f\u00fcr jeden Zugriff auf diese Website standardm\u00e4ssige\u00a0Webserver-Logdateien\u00a0mit folgenden Angaben erstellt: IP-Adresse, Datum und Uhrzeit einschliesslich Zeitzone, Browser-Anfrage einschliesslich Herkunft der Anfrage (Referer), verwendetes Betriebssystem einschliesslich Benutzeroberfl\u00e4che und Version, verwendeter Browser einschliesslich Sprache und Version, \u00fcbertragene Datenmenge. Die Logdateien dienen zur Erkennung von technischen Problemen sowie zur Gew\u00e4hrleistung der Sicherheit und zur statistischen Auswertung der Nutzung meiner Website mit Google Analytics, einen Webanalysedienst der Google Inc. (&#8222;Google&#8220;), die mein Hoster Hosttech GmbH einsetzt. Ich verweise in diesem Zusammenhang auf die <a href=\"https:\/\/www.hosttech.ch\/datenschutz\" target=\"_blank\" rel=\"noopener\">Datenschutzerkl\u00e4rung<\/a> der Hosttech GmbH.<\/p>\n<p>&nbsp;<\/p>\n<h6><strong>Rechte von betroffenen Personen<\/strong><\/h6>\n<p>Besucherinnen und Besucher meiner Website sowie andere Personen, \u00fcber die ich Personendaten bearbeite, k\u00f6nnen unentgeltlich eine Best\u00e4tigung, ob Personendaten durch mich bearbeitet werden sowie, falls ja,\u00a0Auskunft\u00a0\u00fcber meine Bearbeitung ihrer Personendaten verlangen, die Bearbeitung ihrer Personendaten einschr\u00e4nken lassen, ihr Recht auf Daten\u00fcbertragbarkeit \u2013 sofern und soweit die DSGVO anwendbar ist \u2013\u00a0wahrnehmen, ihre Personendaten berichtigen, l\u00f6schen (\u00abRecht auf Vergessenwerden\u00bb) oder sperren lassen, erteilte Einwilligungen widerrufen und Widerspruch gegen die Bearbeitung ihrer Personendaten erheben.<\/p>\n<p>Personen, \u00fcber die ich Personendaten bearbeite, verf\u00fcgen \u00fcber ein\u00a0Beschwerderecht bei einer zust\u00e4ndigen Aufsichtsbeh\u00f6rde f\u00fcr den Datenschutz. Aufsichtsbeh\u00f6rde f\u00fcr den Datenschutz in der Schweiz ist der\u00a0<a href=\"https:\/\/www.edoeb.admin.ch\/\" target=\"_blank\" rel=\"noopener\">Eidgen\u00f6ssische Datenschutz- und \u00d6ffentlichkeitsbeauftragte<\/a>\u00a0(ED\u00d6B).<\/p>\n<p>&nbsp;<\/p>\n<h6><strong>Kontaktadressen und Verantwortung<\/strong><\/h6>\n<p>Anfragen von Aufsichtsbeh\u00f6rden und betroffenen Personen erreichen mich in der Regel per E-Mail, sind aber auch per Briefpost m\u00f6glich:<\/p>\n<p><strong>lic.<\/strong><strong> iur. Andreas Schmid<\/strong><br \/>\nGotthardstrasse 21<br \/>\n8002 Z\u00fcrich<br \/>\nSchweiz<\/p>\n<p>Verantwortlich f\u00fcr den Datenschutz ist Rechtsanwalt\u00a0lic. iur. Andreas Schmid<br \/>\ninfo@as-law.ch<\/p>\n<p>&nbsp;<\/p>\n<p>Die Verarbeitung von personenbezogenen Daten aufgrund von \u00fcber die Website erfassten Daten erfolgt nur gelegentlich. Es findet keine umfangreiche Verarbeitung besonderer Datenkategorien im Sinne des Artikels 9 Absatz 1 DSGVO oder eine umfangreiche Verarbeitung von personenbezogenen Daten \u00fcber strafrechtliche Verurteilungen und Straftaten im Sinne des Artikels 10 DSGVO statt (vgl Art. 27 Abs. 2 lit. a DSGVO). Die Bearbeitung sensibler pers\u00f6nlicher Daten findet ausschliesslich im Rahmen eines ausdr\u00fccklichen separaten Mandatsvertrages mit Zustimmung des Klienten und unter Ber\u00fccksichtigung der Bestimmungen der DSGVO wie auch des\u00a0<a href=\"https:\/\/www.sav-fsa.ch\/de\/anwaltsrecht\/\">relevanten Berufs- und Standesrecht<\/a>\u00a0wie insbesondere des\u00a0<a href=\"https:\/\/www.admin.ch\/opc\/de\/classified-compilation\/19994700\/index.html\">Bundesgesetzes \u00fcber die Freiz\u00fcgigkeit der Anw\u00e4ltinnen und Anw\u00e4lte<\/a>\u00a0(Anwaltsgesetz, BGFA) und der\u00a0<a href=\"https:\/\/www.sav-fsa.ch\/de\/anwaltsrecht\/berufsregeln-national.html\">Schweizerischen Standesregeln<\/a>\u00a0(SSR) und des\u00a0<a href=\"http:\/\/www.zh.ch\/internet\/de\/rechtliche_grundlagen\/gesetze\/erlass.html?Open&#038;Ordnr=215.1\">Anwaltsgesetzes des Kantons Z\u00fcrich<\/a> statt (Anwaltsgeheimnis).<\/p>\n","protected":false},"excerpt":{"rendered":"<p>Die Website des Anwaltsb\u00fcros lic. iur. Andreas Schmid\u00a0unterliegt schweizerischem\u00a0Datenschutzrecht, insbesondere gem\u00e4ss dem\u00a0Bundesgesetz \u00fcber den Datenschutz\u00a0(DSG) sowie allenfalls anwendbarem ausl\u00e4ndischem Datenschutzrecht wie beispielsweise der\u00a0Datenschutz-Grundverordnung\u00a0(DSGVO) der Europ\u00e4ischen Union (EU). Die EU\u00a0anerkennt, dass das schweizerische Datenschutzrecht einen angemessenen Datenschutz gew\u00e4hrleistet. Ich kann meine Datenschutzerkl\u00e4rung jederzeit durch Ver\u00f6ffentlichung auf dieser Website anpassen. Der Zugriff auf meine Website erfolgt mittels\u00a0Transportverschl\u00fcsselung\u00a0(SSL\u00a0\/ &hellip; <a href=\"https:\/\/as-law.ch\/index.php\/datenschutzerklaerung\/\" class=\"more-link\"><span class=\"screen-reader-text\">Datenschutzerkl\u00e4rung<\/span> weiterlesen<\/a><\/p>\n","protected":false},"author":1,"featured_media":0,"parent":0,"menu_order":0,"comment_status":"closed","ping_status":"closed","template":"","meta":{"footnotes":""},"class_list":["post-99","page","type-page","status-publish","hentry"],"yoast_head":"<!-- This site is optimized with the Yoast SEO plugin v27.4 - https:\/\/yoast.com\/product\/yoast-seo-wordpress\/ -->\n<title>Datenschutzerkl\u00e4rung - Andreas Schmid Rechtsanwalt<\/title>\n<meta name=\"robots\" content=\"index, follow, max-snippet:-1, max-image-preview:large, max-video-preview:-1\" \/>\n<link rel=\"canonical\" href=\"https:\/\/as-law.ch\/index.php\/datenschutzerklaerung\/\" \/>\n<meta property=\"og:locale\" content=\"de_DE\" \/>\n<meta property=\"og:type\" content=\"article\" \/>\n<meta property=\"og:title\" content=\"Datenschutzerkl\u00e4rung - Andreas Schmid Rechtsanwalt\" \/>\n<meta property=\"og:description\" content=\"Die Website des Anwaltsb\u00fcros lic. iur. Andreas Schmid\u00a0unterliegt schweizerischem\u00a0Datenschutzrecht, insbesondere gem\u00e4ss dem\u00a0Bundesgesetz \u00fcber den Datenschutz\u00a0(DSG) sowie allenfalls anwendbarem ausl\u00e4ndischem Datenschutzrecht wie beispielsweise der\u00a0Datenschutz-Grundverordnung\u00a0(DSGVO) der Europ\u00e4ischen Union (EU). Die EU\u00a0anerkennt, dass das schweizerische Datenschutzrecht einen angemessenen Datenschutz gew\u00e4hrleistet. Ich kann meine Datenschutzerkl\u00e4rung jederzeit durch Ver\u00f6ffentlichung auf dieser Website anpassen. Der Zugriff auf meine Website erfolgt mittels\u00a0Transportverschl\u00fcsselung\u00a0(SSL\u00a0\/ &hellip; Datenschutzerkl\u00e4rung weiterlesen\" \/>\n<meta property=\"og:url\" content=\"https:\/\/as-law.ch\/index.php\/datenschutzerklaerung\/\" \/>\n<meta property=\"og:site_name\" content=\"Andreas Schmid Rechtsanwalt\" \/>\n<meta property=\"article:modified_time\" content=\"2018-05-25T19:13:26+00:00\" \/>\n<meta name=\"twitter:card\" content=\"summary_large_image\" \/>\n<meta name=\"twitter:label1\" content=\"Gesch\u00e4tzte Lesezeit\" \/>\n\t<meta name=\"twitter:data1\" content=\"4\u00a0Minuten\" \/>\n<script type=\"application\/ld+json\" class=\"yoast-schema-graph\">{\"@context\":\"https:\\\/\\\/schema.org\",\"@graph\":[{\"@type\":\"WebPage\",\"@id\":\"https:\\\/\\\/as-law.ch\\\/index.php\\\/datenschutzerklaerung\\\/\",\"url\":\"https:\\\/\\\/as-law.ch\\\/index.php\\\/datenschutzerklaerung\\\/\",\"name\":\"Datenschutzerkl\u00e4rung - Andreas Schmid Rechtsanwalt\",\"isPartOf\":{\"@id\":\"https:\\\/\\\/as-law.ch\\\/#website\"},\"datePublished\":\"2018-05-24T15:36:08+00:00\",\"dateModified\":\"2018-05-25T19:13:26+00:00\",\"breadcrumb\":{\"@id\":\"https:\\\/\\\/as-law.ch\\\/index.php\\\/datenschutzerklaerung\\\/#breadcrumb\"},\"inLanguage\":\"de\",\"potentialAction\":[{\"@type\":\"ReadAction\",\"target\":[\"https:\\\/\\\/as-law.ch\\\/index.php\\\/datenschutzerklaerung\\\/\"]}]},{\"@type\":\"BreadcrumbList\",\"@id\":\"https:\\\/\\\/as-law.ch\\\/index.php\\\/datenschutzerklaerung\\\/#breadcrumb\",\"itemListElement\":[{\"@type\":\"ListItem\",\"position\":1,\"name\":\"Startseite\",\"item\":\"https:\\\/\\\/as-law.ch\\\/\"},{\"@type\":\"ListItem\",\"position\":2,\"name\":\"Datenschutzerkl\u00e4rung\"}]},{\"@type\":\"WebSite\",\"@id\":\"https:\\\/\\\/as-law.ch\\\/#website\",\"url\":\"https:\\\/\\\/as-law.ch\\\/\",\"name\":\"Andreas Schmid Rechtsanwalt\",\"description\":\"Vertragsrecht, Erbrecht, SchKG\",\"publisher\":{\"@id\":\"https:\\\/\\\/as-law.ch\\\/#organization\"},\"potentialAction\":[{\"@type\":\"SearchAction\",\"target\":{\"@type\":\"EntryPoint\",\"urlTemplate\":\"https:\\\/\\\/as-law.ch\\\/?s={search_term_string}\"},\"query-input\":{\"@type\":\"PropertyValueSpecification\",\"valueRequired\":true,\"valueName\":\"search_term_string\"}}],\"inLanguage\":\"de\"},{\"@type\":\"Organization\",\"@id\":\"https:\\\/\\\/as-law.ch\\\/#organization\",\"name\":\"lic. iur. Andreas Schmid, Rechtsanwalt\",\"url\":\"https:\\\/\\\/as-law.ch\\\/\",\"logo\":{\"@type\":\"ImageObject\",\"inLanguage\":\"de\",\"@id\":\"https:\\\/\\\/as-law.ch\\\/#\\\/schema\\\/logo\\\/image\\\/\",\"url\":\"https:\\\/\\\/as-law.ch\\\/wp-content\\\/uploads\\\/2020\\\/07\\\/Logo-AS-gross.jpg\",\"contentUrl\":\"https:\\\/\\\/as-law.ch\\\/wp-content\\\/uploads\\\/2020\\\/07\\\/Logo-AS-gross.jpg\",\"width\":94,\"height\":85,\"caption\":\"lic. iur. Andreas Schmid, Rechtsanwalt\"},\"image\":{\"@id\":\"https:\\\/\\\/as-law.ch\\\/#\\\/schema\\\/logo\\\/image\\\/\"}}]}<\/script>\n<!-- \/ Yoast SEO plugin. -->","yoast_head_json":{"title":"Datenschutzerkl\u00e4rung - Andreas Schmid Rechtsanwalt","robots":{"index":"index","follow":"follow","max-snippet":"max-snippet:-1","max-image-preview":"max-image-preview:large","max-video-preview":"max-video-preview:-1"},"canonical":"https:\/\/as-law.ch\/index.php\/datenschutzerklaerung\/","og_locale":"de_DE","og_type":"article","og_title":"Datenschutzerkl\u00e4rung - Andreas Schmid Rechtsanwalt","og_description":"Die Website des Anwaltsb\u00fcros lic. iur. Andreas Schmid\u00a0unterliegt schweizerischem\u00a0Datenschutzrecht, insbesondere gem\u00e4ss dem\u00a0Bundesgesetz \u00fcber den Datenschutz\u00a0(DSG) sowie allenfalls anwendbarem ausl\u00e4ndischem Datenschutzrecht wie beispielsweise der\u00a0Datenschutz-Grundverordnung\u00a0(DSGVO) der Europ\u00e4ischen Union (EU). Die EU\u00a0anerkennt, dass das schweizerische Datenschutzrecht einen angemessenen Datenschutz gew\u00e4hrleistet. Ich kann meine Datenschutzerkl\u00e4rung jederzeit durch Ver\u00f6ffentlichung auf dieser Website anpassen. Der Zugriff auf meine Website erfolgt mittels\u00a0Transportverschl\u00fcsselung\u00a0(SSL\u00a0\/ &hellip; Datenschutzerkl\u00e4rung weiterlesen","og_url":"https:\/\/as-law.ch\/index.php\/datenschutzerklaerung\/","og_site_name":"Andreas Schmid Rechtsanwalt","article_modified_time":"2018-05-25T19:13:26+00:00","twitter_card":"summary_large_image","twitter_misc":{"Gesch\u00e4tzte Lesezeit":"4\u00a0Minuten"},"schema":{"@context":"https:\/\/schema.org","@graph":[{"@type":"WebPage","@id":"https:\/\/as-law.ch\/index.php\/datenschutzerklaerung\/","url":"https:\/\/as-law.ch\/index.php\/datenschutzerklaerung\/","name":"Datenschutzerkl\u00e4rung - Andreas Schmid Rechtsanwalt","isPartOf":{"@id":"https:\/\/as-law.ch\/#website"},"datePublished":"2018-05-24T15:36:08+00:00","dateModified":"2018-05-25T19:13:26+00:00","breadcrumb":{"@id":"https:\/\/as-law.ch\/index.php\/datenschutzerklaerung\/#breadcrumb"},"inLanguage":"de","potentialAction":[{"@type":"ReadAction","target":["https:\/\/as-law.ch\/index.php\/datenschutzerklaerung\/"]}]},{"@type":"BreadcrumbList","@id":"https:\/\/as-law.ch\/index.php\/datenschutzerklaerung\/#breadcrumb","itemListElement":[{"@type":"ListItem","position":1,"name":"Startseite","item":"https:\/\/as-law.ch\/"},{"@type":"ListItem","position":2,"name":"Datenschutzerkl\u00e4rung"}]},{"@type":"WebSite","@id":"https:\/\/as-law.ch\/#website","url":"https:\/\/as-law.ch\/","name":"Andreas Schmid Rechtsanwalt","description":"Vertragsrecht, Erbrecht, SchKG","publisher":{"@id":"https:\/\/as-law.ch\/#organization"},"potentialAction":[{"@type":"SearchAction","target":{"@type":"EntryPoint","urlTemplate":"https:\/\/as-law.ch\/?s={search_term_string}"},"query-input":{"@type":"PropertyValueSpecification","valueRequired":true,"valueName":"search_term_string"}}],"inLanguage":"de"},{"@type":"Organization","@id":"https:\/\/as-law.ch\/#organization","name":"lic. iur. Andreas Schmid, Rechtsanwalt","url":"https:\/\/as-law.ch\/","logo":{"@type":"ImageObject","inLanguage":"de","@id":"https:\/\/as-law.ch\/#\/schema\/logo\/image\/","url":"https:\/\/as-law.ch\/wp-content\/uploads\/2020\/07\/Logo-AS-gross.jpg","contentUrl":"https:\/\/as-law.ch\/wp-content\/uploads\/2020\/07\/Logo-AS-gross.jpg","width":94,"height":85,"caption":"lic. iur. Andreas Schmid, Rechtsanwalt"},"image":{"@id":"https:\/\/as-law.ch\/#\/schema\/logo\/image\/"}}]}},"_links":{"self":[{"href":"https:\/\/as-law.ch\/index.php\/wp-json\/wp\/v2\/pages\/99","targetHints":{"allow":["GET"]}}],"collection":[{"href":"https:\/\/as-law.ch\/index.php\/wp-json\/wp\/v2\/pages"}],"about":[{"href":"https:\/\/as-law.ch\/index.php\/wp-json\/wp\/v2\/types\/page"}],"author":[{"embeddable":true,"href":"https:\/\/as-law.ch\/index.php\/wp-json\/wp\/v2\/users\/1"}],"replies":[{"embeddable":true,"href":"https:\/\/as-law.ch\/index.php\/wp-json\/wp\/v2\/comments?post=99"}],"version-history":[{"count":9,"href":"https:\/\/as-law.ch\/index.php\/wp-json\/wp\/v2\/pages\/99\/revisions"}],"predecessor-version":[{"id":134,"href":"https:\/\/as-law.ch\/index.php\/wp-json\/wp\/v2\/pages\/99\/revisions\/134"}],"wp:attachment":[{"href":"https:\/\/as-law.ch\/index.php\/wp-json\/wp\/v2\/media?parent=99"}],"curies":[{"name":"wp","href":"https:\/\/api.w.org\/{rel}","templated":true}]}}