{"id":97,"date":"2018-05-24T15:36:08","date_gmt":"2018-05-24T15:36:08","guid":{"rendered":"http:\/\/as-law.ch\/?page_id=97"},"modified":"2018-05-24T16:37:13","modified_gmt":"2018-05-24T16:37:13","slug":"impressum","status":"publish","type":"page","link":"https:\/\/as-law.ch\/index.php\/impressum\/","title":{"rendered":"Impressum"},"content":{"rendered":"<p>lic. iur. Andreas Schmid<br \/>\nGotthardstrasse 21<br \/>\n8002 Z\u00fcrich<br \/>\nSchweiz<\/p>\n<p>Telefon +41 43 243 72 72<br \/>\nFax +41 43 344 91 50<br \/>\nE-Mail info@as-law.ch<\/p>\n<h6><\/h6>\n<h6>Aufsichtsbeh\u00f6rde<\/h6>\n<p><a href=\"http:\/\/www.gerichte-zh.ch\/organisation\/obergericht\/kommissionen\/aufsichtskommission-ueber-rechtsanwaelte.html\" target=\"_blank\" rel=\"noopener\">Aufsichtskommission \u00fcber die Anw\u00e4ltinnen und Anw\u00e4lte im Kanton Z\u00fcrich<\/a><br \/>\nHirschengraben 15<br \/>\nPostfach 2401<br \/>\n8021 Z\u00fcrich<br \/>\nSchweiz<\/p>\n<p>&nbsp;<\/p>\n<h6>Berufsbezeichnung<\/h6>\n<p>Die Berufsbezeichnung von lic. iur. Andreas Schmid lautet Rechtsanwalt (verliehen in der Schweiz und eingetragen im <a href=\"http:\/\/www.gerichte-zh.ch\/organisation\/obergericht\/kommissionen\/aufsichtskommission-ueber-rechtsanwaelte\/anwaltsregister.html\" target=\"_blank\" rel=\"noopener\">Anwaltsregister<\/a> des Kantons Z\u00fcrich).<\/p>\n<p>Der Schweizerische Anwaltsverband (SAV) ver\u00f6ffentlicht auf seiner Website das relevante <a href=\"https:\/\/www.sav-fsa.ch\/de\/anwaltsrecht\/\" target=\"_blank\" rel=\"noopener\">Berufs- und Standesrecht<\/a> wie insbesondere das <a href=\"https:\/\/www.admin.ch\/opc\/de\/classified-compilation\/19994700\/index.html\" target=\"_blank\" rel=\"noopener\">Bundesgesetz \u00fcber die Freiz\u00fcgigkeit der Anw\u00e4ltinnen und Anw\u00e4lte<\/a> (Anwaltsgesetz, BGFA) und die <a href=\"https:\/\/www.sav-fsa.ch\/de\/anwaltsrecht\/berufsregeln-national.html\" target=\"_blank\" rel=\"noopener\">Schweizerischen Standesregeln<\/a> (SSR). Das <a href=\"http:\/\/www.zh.ch\/internet\/de\/rechtliche_grundlagen\/gesetze\/erlass.html?Open&#038;Ordnr=215.1\" target=\"_blank\" rel=\"noopener\">Anwaltsgesetz des Kantons Z\u00fcrich<\/a> kann auf der Website der Z\u00fcrcher Gesetzessammlung abgerufen werden.<\/p>\n<p>&nbsp;<\/p>\n<h6>Berufsverb\u00e4nde<\/h6>\n<p>lic. iur. Andreas Schmid ist Mitglied im <a href=\"http:\/\/www.sav-fsa.ch\/\" target=\"_blank\" rel=\"noopener\">Schweizerischen Anwaltsverband<\/a> (SAV) und im <a href=\"http:\/\/www.zav.ch\/\" target=\"_blank\" rel=\"noopener\">Z\u00fcrcher Anwaltsverband<\/a> (ZAV).<\/p>\n","protected":false},"excerpt":{"rendered":"<p>lic. iur. Andreas Schmid Gotthardstrasse 21 8002 Z\u00fcrich Schweiz Telefon +41 43 243 72 72 Fax +41 43 344 91 50 E-Mail info@as-law.ch Aufsichtsbeh\u00f6rde Aufsichtskommission \u00fcber die Anw\u00e4ltinnen und Anw\u00e4lte im Kanton Z\u00fcrich Hirschengraben 15 Postfach 2401 8021 Z\u00fcrich Schweiz &nbsp; Berufsbezeichnung Die Berufsbezeichnung von lic. iur. Andreas Schmid lautet Rechtsanwalt (verliehen in der Schweiz &hellip; <a href=\"https:\/\/as-law.ch\/index.php\/impressum\/\" class=\"more-link\"><span class=\"screen-reader-text\">Impressum<\/span> weiterlesen<\/a><\/p>\n","protected":false},"author":1,"featured_media":0,"parent":0,"menu_order":0,"comment_status":"closed","ping_status":"closed","template":"","meta":{"footnotes":""},"class_list":["post-97","page","type-page","status-publish","hentry"],"yoast_head":"<!-- This site is optimized with the Yoast SEO plugin v27.4 - https:\/\/yoast.com\/product\/yoast-seo-wordpress\/ -->\n<title>Impressum - Andreas Schmid Rechtsanwalt<\/title>\n<meta name=\"robots\" content=\"index, follow, max-snippet:-1, max-image-preview:large, max-video-preview:-1\" \/>\n<link rel=\"canonical\" href=\"https:\/\/as-law.ch\/index.php\/impressum\/\" \/>\n<meta property=\"og:locale\" content=\"de_DE\" \/>\n<meta property=\"og:type\" content=\"article\" \/>\n<meta property=\"og:title\" content=\"Impressum - Andreas Schmid Rechtsanwalt\" \/>\n<meta property=\"og:description\" content=\"lic. iur. Andreas Schmid Gotthardstrasse 21 8002 Z\u00fcrich Schweiz Telefon +41 43 243 72 72 Fax +41 43 344 91 50 E-Mail info@as-law.ch Aufsichtsbeh\u00f6rde Aufsichtskommission \u00fcber die Anw\u00e4ltinnen und Anw\u00e4lte im Kanton Z\u00fcrich Hirschengraben 15 Postfach 2401 8021 Z\u00fcrich Schweiz &nbsp; Berufsbezeichnung Die Berufsbezeichnung von lic. iur. Andreas Schmid lautet Rechtsanwalt (verliehen in der Schweiz &hellip; Impressum weiterlesen\" \/>\n<meta property=\"og:url\" content=\"https:\/\/as-law.ch\/index.php\/impressum\/\" \/>\n<meta property=\"og:site_name\" content=\"Andreas Schmid Rechtsanwalt\" \/>\n<meta property=\"article:modified_time\" content=\"2018-05-24T16:37:13+00:00\" \/>\n<meta name=\"twitter:card\" content=\"summary_large_image\" \/>\n<meta name=\"twitter:label1\" content=\"Gesch\u00e4tzte Lesezeit\" \/>\n\t<meta name=\"twitter:data1\" content=\"1\u00a0Minute\" \/>\n<script type=\"application\/ld+json\" class=\"yoast-schema-graph\">{\"@context\":\"https:\\\/\\\/schema.org\",\"@graph\":[{\"@type\":\"WebPage\",\"@id\":\"https:\\\/\\\/as-law.ch\\\/index.php\\\/impressum\\\/\",\"url\":\"https:\\\/\\\/as-law.ch\\\/index.php\\\/impressum\\\/\",\"name\":\"Impressum - Andreas Schmid Rechtsanwalt\",\"isPartOf\":{\"@id\":\"https:\\\/\\\/as-law.ch\\\/#website\"},\"datePublished\":\"2018-05-24T15:36:08+00:00\",\"dateModified\":\"2018-05-24T16:37:13+00:00\",\"breadcrumb\":{\"@id\":\"https:\\\/\\\/as-law.ch\\\/index.php\\\/impressum\\\/#breadcrumb\"},\"inLanguage\":\"de\",\"potentialAction\":[{\"@type\":\"ReadAction\",\"target\":[\"https:\\\/\\\/as-law.ch\\\/index.php\\\/impressum\\\/\"]}]},{\"@type\":\"BreadcrumbList\",\"@id\":\"https:\\\/\\\/as-law.ch\\\/index.php\\\/impressum\\\/#breadcrumb\",\"itemListElement\":[{\"@type\":\"ListItem\",\"position\":1,\"name\":\"Startseite\",\"item\":\"https:\\\/\\\/as-law.ch\\\/\"},{\"@type\":\"ListItem\",\"position\":2,\"name\":\"Impressum\"}]},{\"@type\":\"WebSite\",\"@id\":\"https:\\\/\\\/as-law.ch\\\/#website\",\"url\":\"https:\\\/\\\/as-law.ch\\\/\",\"name\":\"Andreas Schmid Rechtsanwalt\",\"description\":\"Vertragsrecht, Erbrecht, SchKG\",\"publisher\":{\"@id\":\"https:\\\/\\\/as-law.ch\\\/#organization\"},\"potentialAction\":[{\"@type\":\"SearchAction\",\"target\":{\"@type\":\"EntryPoint\",\"urlTemplate\":\"https:\\\/\\\/as-law.ch\\\/?s={search_term_string}\"},\"query-input\":{\"@type\":\"PropertyValueSpecification\",\"valueRequired\":true,\"valueName\":\"search_term_string\"}}],\"inLanguage\":\"de\"},{\"@type\":\"Organization\",\"@id\":\"https:\\\/\\\/as-law.ch\\\/#organization\",\"name\":\"lic. iur. Andreas Schmid, Rechtsanwalt\",\"url\":\"https:\\\/\\\/as-law.ch\\\/\",\"logo\":{\"@type\":\"ImageObject\",\"inLanguage\":\"de\",\"@id\":\"https:\\\/\\\/as-law.ch\\\/#\\\/schema\\\/logo\\\/image\\\/\",\"url\":\"https:\\\/\\\/as-law.ch\\\/wp-content\\\/uploads\\\/2020\\\/07\\\/Logo-AS-gross.jpg\",\"contentUrl\":\"https:\\\/\\\/as-law.ch\\\/wp-content\\\/uploads\\\/2020\\\/07\\\/Logo-AS-gross.jpg\",\"width\":94,\"height\":85,\"caption\":\"lic. iur. Andreas Schmid, Rechtsanwalt\"},\"image\":{\"@id\":\"https:\\\/\\\/as-law.ch\\\/#\\\/schema\\\/logo\\\/image\\\/\"}}]}<\/script>\n<!-- \/ Yoast SEO plugin. -->","yoast_head_json":{"title":"Impressum - Andreas Schmid Rechtsanwalt","robots":{"index":"index","follow":"follow","max-snippet":"max-snippet:-1","max-image-preview":"max-image-preview:large","max-video-preview":"max-video-preview:-1"},"canonical":"https:\/\/as-law.ch\/index.php\/impressum\/","og_locale":"de_DE","og_type":"article","og_title":"Impressum - Andreas Schmid Rechtsanwalt","og_description":"lic. iur. Andreas Schmid Gotthardstrasse 21 8002 Z\u00fcrich Schweiz Telefon +41 43 243 72 72 Fax +41 43 344 91 50 E-Mail info@as-law.ch Aufsichtsbeh\u00f6rde Aufsichtskommission \u00fcber die Anw\u00e4ltinnen und Anw\u00e4lte im Kanton Z\u00fcrich Hirschengraben 15 Postfach 2401 8021 Z\u00fcrich Schweiz &nbsp; Berufsbezeichnung Die Berufsbezeichnung von lic. iur. Andreas Schmid lautet Rechtsanwalt (verliehen in der Schweiz &hellip; Impressum weiterlesen","og_url":"https:\/\/as-law.ch\/index.php\/impressum\/","og_site_name":"Andreas Schmid Rechtsanwalt","article_modified_time":"2018-05-24T16:37:13+00:00","twitter_card":"summary_large_image","twitter_misc":{"Gesch\u00e4tzte Lesezeit":"1\u00a0Minute"},"schema":{"@context":"https:\/\/schema.org","@graph":[{"@type":"WebPage","@id":"https:\/\/as-law.ch\/index.php\/impressum\/","url":"https:\/\/as-law.ch\/index.php\/impressum\/","name":"Impressum - Andreas Schmid Rechtsanwalt","isPartOf":{"@id":"https:\/\/as-law.ch\/#website"},"datePublished":"2018-05-24T15:36:08+00:00","dateModified":"2018-05-24T16:37:13+00:00","breadcrumb":{"@id":"https:\/\/as-law.ch\/index.php\/impressum\/#breadcrumb"},"inLanguage":"de","potentialAction":[{"@type":"ReadAction","target":["https:\/\/as-law.ch\/index.php\/impressum\/"]}]},{"@type":"BreadcrumbList","@id":"https:\/\/as-law.ch\/index.php\/impressum\/#breadcrumb","itemListElement":[{"@type":"ListItem","position":1,"name":"Startseite","item":"https:\/\/as-law.ch\/"},{"@type":"ListItem","position":2,"name":"Impressum"}]},{"@type":"WebSite","@id":"https:\/\/as-law.ch\/#website","url":"https:\/\/as-law.ch\/","name":"Andreas Schmid Rechtsanwalt","description":"Vertragsrecht, Erbrecht, SchKG","publisher":{"@id":"https:\/\/as-law.ch\/#organization"},"potentialAction":[{"@type":"SearchAction","target":{"@type":"EntryPoint","urlTemplate":"https:\/\/as-law.ch\/?s={search_term_string}"},"query-input":{"@type":"PropertyValueSpecification","valueRequired":true,"valueName":"search_term_string"}}],"inLanguage":"de"},{"@type":"Organization","@id":"https:\/\/as-law.ch\/#organization","name":"lic. iur. Andreas Schmid, Rechtsanwalt","url":"https:\/\/as-law.ch\/","logo":{"@type":"ImageObject","inLanguage":"de","@id":"https:\/\/as-law.ch\/#\/schema\/logo\/image\/","url":"https:\/\/as-law.ch\/wp-content\/uploads\/2020\/07\/Logo-AS-gross.jpg","contentUrl":"https:\/\/as-law.ch\/wp-content\/uploads\/2020\/07\/Logo-AS-gross.jpg","width":94,"height":85,"caption":"lic. iur. Andreas Schmid, Rechtsanwalt"},"image":{"@id":"https:\/\/as-law.ch\/#\/schema\/logo\/image\/"}}]}},"_links":{"self":[{"href":"https:\/\/as-law.ch\/index.php\/wp-json\/wp\/v2\/pages\/97","targetHints":{"allow":["GET"]}}],"collection":[{"href":"https:\/\/as-law.ch\/index.php\/wp-json\/wp\/v2\/pages"}],"about":[{"href":"https:\/\/as-law.ch\/index.php\/wp-json\/wp\/v2\/types\/page"}],"author":[{"embeddable":true,"href":"https:\/\/as-law.ch\/index.php\/wp-json\/wp\/v2\/users\/1"}],"replies":[{"embeddable":true,"href":"https:\/\/as-law.ch\/index.php\/wp-json\/wp\/v2\/comments?post=97"}],"version-history":[{"count":4,"href":"https:\/\/as-law.ch\/index.php\/wp-json\/wp\/v2\/pages\/97\/revisions"}],"predecessor-version":[{"id":132,"href":"https:\/\/as-law.ch\/index.php\/wp-json\/wp\/v2\/pages\/97\/revisions\/132"}],"wp:attachment":[{"href":"https:\/\/as-law.ch\/index.php\/wp-json\/wp\/v2\/media?parent=97"}],"curies":[{"name":"wp","href":"https:\/\/api.w.org\/{rel}","templated":true}]}}