{"id":37,"date":"2018-04-17T14:26:55","date_gmt":"2018-04-17T14:26:55","guid":{"rendered":"http:\/\/as-law.ch\/?page_id=37"},"modified":"2021-02-25T14:12:54","modified_gmt":"2021-02-25T14:12:54","slug":"disclaimer","status":"publish","type":"page","link":"https:\/\/as-law.ch\/index.php\/disclaimer\/","title":{"rendered":"Disclaimer"},"content":{"rendered":"<h4>Anspruchsablehnung<\/h4>\n<p><a name=\"_GoBack\"><\/a>Der Inhalt dieser Website dient lediglich zu Informationszwecken. Er stellt keine Rechtsberatung, keine Rechtsmeinung und keine Beratung bez\u00fcglich irgendwelcher Tatsachen oder Umst\u00e4nde dar. Es besteht keine Haftung f\u00fcr den Inhalt externer Internet Seiten, die auf diese Webseite verweisen oder die \u00fcber einen Link von dieser Webseite erreicht werden.<\/p>\n<p>Diese Webseite stellt kein Angebot zur Vertretung einer Person oder Partei dar. Die \u00dcbertragung und der Erhalt des Inhalts dieser Website sowie die Kontaktaufnahme mit mir begr\u00fcnden kein Mandatsverh\u00e4ltnis.<\/p>\n<p>Mitteilungen per Email k\u00f6nnen abgefangen, ver\u00e4ndert oder von Unbefugten gelesen werden. Aus diesem Grund empfehle ich, vertrauliche Informationen mittels Briefpost oder Kurierdienst zu \u00fcbermitteln. Wenn ein Klient mir Mitteilungen per Email zukommen l\u00e4sst, wird dies als Instruktion und Erlaubnis verstanden, in der entsprechenden Angelegenheit per Email zu kommunizieren. Ich lehne in diesen F\u00e4llen jede Haftung der Verletzung des Anwaltsgeheimnisses ab, soweit diese auf die Kommunikation \u00fcber Email zur\u00fcckzuf\u00fchren ist.<\/p>\n<p>Bei Kommunikation \u00fcber Email, Briefpost, Telefax oder Kurierdienst kann eine unverz\u00fcgliche Reaktion nicht immer garantiert werden.<\/p>\n","protected":false},"excerpt":{"rendered":"<p>Anspruchsablehnung Der Inhalt dieser Website dient lediglich zu Informationszwecken. Er stellt keine Rechtsberatung, keine Rechtsmeinung und keine Beratung bez\u00fcglich irgendwelcher Tatsachen oder Umst\u00e4nde dar. Es besteht keine Haftung f\u00fcr den Inhalt externer Internet Seiten, die auf diese Webseite verweisen oder die \u00fcber einen Link von dieser Webseite erreicht werden. Diese Webseite stellt kein Angebot zur &hellip; <a href=\"https:\/\/as-law.ch\/index.php\/disclaimer\/\" class=\"more-link\"><span class=\"screen-reader-text\">Disclaimer<\/span> weiterlesen<\/a><\/p>\n","protected":false},"author":1,"featured_media":0,"parent":0,"menu_order":0,"comment_status":"closed","ping_status":"closed","template":"","meta":{"footnotes":""},"class_list":["post-37","page","type-page","status-publish","hentry"],"yoast_head":"<!-- This site is optimized with the Yoast SEO plugin v27.4 - https:\/\/yoast.com\/product\/yoast-seo-wordpress\/ -->\n<title>Disclaimer - Andreas Schmid Rechtsanwalt<\/title>\n<meta name=\"description\" content=\"Disclaimer - Anspruchsablehnung Inhalt der Website dient lediglich zu Informationszwecken\" \/>\n<meta name=\"robots\" content=\"index, follow, max-snippet:-1, max-image-preview:large, max-video-preview:-1\" \/>\n<link rel=\"canonical\" href=\"https:\/\/as-law.ch\/index.php\/disclaimer\/\" \/>\n<meta property=\"og:locale\" content=\"de_DE\" \/>\n<meta property=\"og:type\" content=\"article\" \/>\n<meta property=\"og:title\" content=\"Disclaimer - Andreas Schmid Rechtsanwalt\" \/>\n<meta property=\"og:description\" content=\"Disclaimer - Anspruchsablehnung Inhalt der Website dient lediglich zu Informationszwecken\" \/>\n<meta property=\"og:url\" content=\"https:\/\/as-law.ch\/index.php\/disclaimer\/\" \/>\n<meta property=\"og:site_name\" content=\"Andreas Schmid Rechtsanwalt\" \/>\n<meta property=\"article:modified_time\" content=\"2021-02-25T14:12:54+00:00\" \/>\n<meta name=\"twitter:card\" content=\"summary_large_image\" \/>\n<meta name=\"twitter:label1\" content=\"Gesch\u00e4tzte Lesezeit\" \/>\n\t<meta name=\"twitter:data1\" content=\"1\u00a0Minute\" \/>\n<script type=\"application\/ld+json\" class=\"yoast-schema-graph\">{\"@context\":\"https:\\\/\\\/schema.org\",\"@graph\":[{\"@type\":\"WebPage\",\"@id\":\"https:\\\/\\\/as-law.ch\\\/index.php\\\/disclaimer\\\/\",\"url\":\"https:\\\/\\\/as-law.ch\\\/index.php\\\/disclaimer\\\/\",\"name\":\"Disclaimer - Andreas Schmid Rechtsanwalt\",\"isPartOf\":{\"@id\":\"https:\\\/\\\/as-law.ch\\\/#website\"},\"datePublished\":\"2018-04-17T14:26:55+00:00\",\"dateModified\":\"2021-02-25T14:12:54+00:00\",\"description\":\"Disclaimer - Anspruchsablehnung Inhalt der Website dient lediglich zu Informationszwecken\",\"breadcrumb\":{\"@id\":\"https:\\\/\\\/as-law.ch\\\/index.php\\\/disclaimer\\\/#breadcrumb\"},\"inLanguage\":\"de\",\"potentialAction\":[{\"@type\":\"ReadAction\",\"target\":[\"https:\\\/\\\/as-law.ch\\\/index.php\\\/disclaimer\\\/\"]}]},{\"@type\":\"BreadcrumbList\",\"@id\":\"https:\\\/\\\/as-law.ch\\\/index.php\\\/disclaimer\\\/#breadcrumb\",\"itemListElement\":[{\"@type\":\"ListItem\",\"position\":1,\"name\":\"Startseite\",\"item\":\"https:\\\/\\\/as-law.ch\\\/\"},{\"@type\":\"ListItem\",\"position\":2,\"name\":\"Disclaimer\"}]},{\"@type\":\"WebSite\",\"@id\":\"https:\\\/\\\/as-law.ch\\\/#website\",\"url\":\"https:\\\/\\\/as-law.ch\\\/\",\"name\":\"Andreas Schmid Rechtsanwalt\",\"description\":\"Vertragsrecht, Erbrecht, SchKG\",\"publisher\":{\"@id\":\"https:\\\/\\\/as-law.ch\\\/#organization\"},\"potentialAction\":[{\"@type\":\"SearchAction\",\"target\":{\"@type\":\"EntryPoint\",\"urlTemplate\":\"https:\\\/\\\/as-law.ch\\\/?s={search_term_string}\"},\"query-input\":{\"@type\":\"PropertyValueSpecification\",\"valueRequired\":true,\"valueName\":\"search_term_string\"}}],\"inLanguage\":\"de\"},{\"@type\":\"Organization\",\"@id\":\"https:\\\/\\\/as-law.ch\\\/#organization\",\"name\":\"lic. iur. Andreas Schmid, Rechtsanwalt\",\"url\":\"https:\\\/\\\/as-law.ch\\\/\",\"logo\":{\"@type\":\"ImageObject\",\"inLanguage\":\"de\",\"@id\":\"https:\\\/\\\/as-law.ch\\\/#\\\/schema\\\/logo\\\/image\\\/\",\"url\":\"https:\\\/\\\/as-law.ch\\\/wp-content\\\/uploads\\\/2020\\\/07\\\/Logo-AS-gross.jpg\",\"contentUrl\":\"https:\\\/\\\/as-law.ch\\\/wp-content\\\/uploads\\\/2020\\\/07\\\/Logo-AS-gross.jpg\",\"width\":94,\"height\":85,\"caption\":\"lic. iur. Andreas Schmid, Rechtsanwalt\"},\"image\":{\"@id\":\"https:\\\/\\\/as-law.ch\\\/#\\\/schema\\\/logo\\\/image\\\/\"}}]}<\/script>\n<!-- \/ Yoast SEO plugin. -->","yoast_head_json":{"title":"Disclaimer - Andreas Schmid Rechtsanwalt","description":"Disclaimer - Anspruchsablehnung Inhalt der Website dient lediglich zu Informationszwecken","robots":{"index":"index","follow":"follow","max-snippet":"max-snippet:-1","max-image-preview":"max-image-preview:large","max-video-preview":"max-video-preview:-1"},"canonical":"https:\/\/as-law.ch\/index.php\/disclaimer\/","og_locale":"de_DE","og_type":"article","og_title":"Disclaimer - Andreas Schmid Rechtsanwalt","og_description":"Disclaimer - Anspruchsablehnung Inhalt der Website dient lediglich zu Informationszwecken","og_url":"https:\/\/as-law.ch\/index.php\/disclaimer\/","og_site_name":"Andreas Schmid Rechtsanwalt","article_modified_time":"2021-02-25T14:12:54+00:00","twitter_card":"summary_large_image","twitter_misc":{"Gesch\u00e4tzte Lesezeit":"1\u00a0Minute"},"schema":{"@context":"https:\/\/schema.org","@graph":[{"@type":"WebPage","@id":"https:\/\/as-law.ch\/index.php\/disclaimer\/","url":"https:\/\/as-law.ch\/index.php\/disclaimer\/","name":"Disclaimer - Andreas Schmid Rechtsanwalt","isPartOf":{"@id":"https:\/\/as-law.ch\/#website"},"datePublished":"2018-04-17T14:26:55+00:00","dateModified":"2021-02-25T14:12:54+00:00","description":"Disclaimer - Anspruchsablehnung Inhalt der Website dient lediglich zu Informationszwecken","breadcrumb":{"@id":"https:\/\/as-law.ch\/index.php\/disclaimer\/#breadcrumb"},"inLanguage":"de","potentialAction":[{"@type":"ReadAction","target":["https:\/\/as-law.ch\/index.php\/disclaimer\/"]}]},{"@type":"BreadcrumbList","@id":"https:\/\/as-law.ch\/index.php\/disclaimer\/#breadcrumb","itemListElement":[{"@type":"ListItem","position":1,"name":"Startseite","item":"https:\/\/as-law.ch\/"},{"@type":"ListItem","position":2,"name":"Disclaimer"}]},{"@type":"WebSite","@id":"https:\/\/as-law.ch\/#website","url":"https:\/\/as-law.ch\/","name":"Andreas Schmid Rechtsanwalt","description":"Vertragsrecht, Erbrecht, SchKG","publisher":{"@id":"https:\/\/as-law.ch\/#organization"},"potentialAction":[{"@type":"SearchAction","target":{"@type":"EntryPoint","urlTemplate":"https:\/\/as-law.ch\/?s={search_term_string}"},"query-input":{"@type":"PropertyValueSpecification","valueRequired":true,"valueName":"search_term_string"}}],"inLanguage":"de"},{"@type":"Organization","@id":"https:\/\/as-law.ch\/#organization","name":"lic. iur. Andreas Schmid, Rechtsanwalt","url":"https:\/\/as-law.ch\/","logo":{"@type":"ImageObject","inLanguage":"de","@id":"https:\/\/as-law.ch\/#\/schema\/logo\/image\/","url":"https:\/\/as-law.ch\/wp-content\/uploads\/2020\/07\/Logo-AS-gross.jpg","contentUrl":"https:\/\/as-law.ch\/wp-content\/uploads\/2020\/07\/Logo-AS-gross.jpg","width":94,"height":85,"caption":"lic. iur. Andreas Schmid, Rechtsanwalt"},"image":{"@id":"https:\/\/as-law.ch\/#\/schema\/logo\/image\/"}}]}},"_links":{"self":[{"href":"https:\/\/as-law.ch\/index.php\/wp-json\/wp\/v2\/pages\/37","targetHints":{"allow":["GET"]}}],"collection":[{"href":"https:\/\/as-law.ch\/index.php\/wp-json\/wp\/v2\/pages"}],"about":[{"href":"https:\/\/as-law.ch\/index.php\/wp-json\/wp\/v2\/types\/page"}],"author":[{"embeddable":true,"href":"https:\/\/as-law.ch\/index.php\/wp-json\/wp\/v2\/users\/1"}],"replies":[{"embeddable":true,"href":"https:\/\/as-law.ch\/index.php\/wp-json\/wp\/v2\/comments?post=37"}],"version-history":[{"count":1,"href":"https:\/\/as-law.ch\/index.php\/wp-json\/wp\/v2\/pages\/37\/revisions"}],"predecessor-version":[{"id":38,"href":"https:\/\/as-law.ch\/index.php\/wp-json\/wp\/v2\/pages\/37\/revisions\/38"}],"wp:attachment":[{"href":"https:\/\/as-law.ch\/index.php\/wp-json\/wp\/v2\/media?parent=37"}],"curies":[{"name":"wp","href":"https:\/\/api.w.org\/{rel}","templated":true}]}}